{"id":1629,"date":"2021-07-30T14:12:31","date_gmt":"2021-07-30T12:12:31","guid":{"rendered":"https:\/\/www.zauberwald-oberursel.de\/KITA\/?page_id=1629"},"modified":"2023-08-24T12:12:33","modified_gmt":"2023-08-24T10:12:33","slug":"stellenangebote","status":"publish","type":"page","link":"https:\/\/www.zauberwald-oberursel.de\/KITA\/stellenangebote\/","title":{"rendered":"Stellenangebote"},"content":{"rendered":"<p>[et_pb_section fb_built=\u201e1\u201c fullwidth=\u201eon\u201c _builder_version=\u201e4.21.0\u201c _module_preset=\u201edefault\u201c custom_margin=\u201e0px||||false|false\u201c locked=\u201eoff\u201c global_colors_info=\u201c{}\u201c][et_pb_fullwidth_slider use_bg_overlay=\u201eon\u201c bg_overlay_color=\u201ergba(51,51,51,0.07)\u201c use_text_overlay=\u201eoff\u201c _builder_version=\u201e4.21.0\u201c _module_preset=\u201edefault\u201c header_font_size=\u201e68px\u201c min_height=\u201e750px\u201c min_height_tablet=\u201e400px\u201c min_height_phone=\u201e300px\u201c min_height_last_edited=\u201eon|desktop\u201c auto=\u201eon\u201c header_font_size_tablet=\u201e40px\u201c header_font_size_phone=\u201e28px\u201c header_font_size_last_edited=\u201eon|phone\u201c header_text_shadow_style=\u201epreset3\u201c text_shadow_style=\u201epreset3\u201c global_colors_info=\u201c{}\u201c][et_pb_slide heading=\u201eWir suchen  Dich\u201c use_bg_overlay=\u201eon\u201c bg_overlay_color=\u201ergba(0,0,0,0.1)\u201c _builder_version=\u201e4.21.0\u201c _module_preset=\u201edefault\u201c header_line_height=\u201e1.2em\u201c body_font_size=\u201e20px\u201c background_color=\u201eRGBA(0,0,0,0)\u201c background_enable_color=\u201eon\u201c background_image=\u201ehttps:\/\/www.zauberwald-oberursel.de\/KITA\/wp-content\/uploads\/Zauberwald_krippe_800_8037.jpg\u201c background_enable_image=\u201eon\u201c parallax=\u201eon\u201c custom_button=\u201eon\u201c button_text_size=\u201e19px\u201c button_bg_color=\u201e#88B228\u201c button_border_color=\u201eRGBA(0,0,0,0)\u201c button_use_icon=\u201eoff\u201c button_custom_padding=\u201e2px|7px|2px|7px|false|false\u201c body_font_size_tablet=\u201e20px\u201c body_font_size_phone=\u201e16px\u201c body_font_size_last_edited=\u201eon|phone\u201c box_shadow_style_button=\u201epreset1\u201c global_colors_info=\u201c{}\u201c button_bg_color__hover_enabled=\u201eon|desktop\u201c button_bg_color__hover=\u201c#E87E1A\u201c button_bg_enable_color__hover=\u201eon\u201c sticky_transition=\u201eon\u201c]<\/p>\n<div>\n<div>im Zauber\u00adwald<\/div>\n<\/div>\n<div><\/div>\n<p>[\/et_pb_slide][\/et_pb_fullwidth_slider][\/et_pb_section][et_pb_section fb_built=\u201e1\u201c module_id=\u201etermine\u201c module_class=\u201etermine\u201c _builder_version=\u201e4.16\u201c _module_preset=\u201edefault\u201c global_colors_info=\u201c{}\u201c text_font_size_phone=\u201e18px\u201c text_font_size_last_edited=\u201eon|phone\u201c header_4_line_height_tablet=\u201e1.5em\u201c header_4_line_height_last_edited=\u201eon|phone\u201c header_4_font_size_tablet=\u201e24px\u201c header_4_font_size_phone=\u201e24px\u201c header_4_font_size_last_edited=\u201eon|tablet\u201c header_4_line_height_phone=\u201e1.5em\u201c][et_pb_row _builder_version=\u201e4.16\u201c _module_preset=\u201edefault\u201c custom_padding=\u201e0px|||||\u201c global_colors_info=\u201c{}\u201c][et_pb_column type=\u201e4_4\u201c _builder_version=\u201e4.16\u201c _module_preset=\u201edefault\u201c global_colors_info=\u201c{}\u201c][et_pb_text _builder_version=\u201e4.21.0\u201c _module_preset=\u201edefault\u201c header_font_size=\u201e55px\u201c header_font_size_tablet=\u201e42px\u201c header_font_size_phone=\u201e36px\u201c header_font_size_last_edited=\u201eon|desktop\u201c global_colors_info=\u201c{}\u201c]<\/p>\n<h1>Stellenangebote<\/h1>\n<p>[\/et_pb_text][\/et_pb_column][\/et_pb_row][et_pb_row column_structure=\u201e3_4,1_4\u201c _builder_version=\u201e4.16\u201c _module_preset=\u201edefault\u201c custom_padding=\u201e0px|||||\u201c global_colors_info=\u201c{}\u201c][et_pb_column type=\u201e3_4\u201c _builder_version=\u201e4.16\u201c _module_preset=\u201edefault\u201c global_colors_info=\u201c{}\u201c][et_pb_blog fullwidth=\u201eoff\u201c include_categories=\u201e32\u201c show_author=\u201eoff\u201c show_date=\u201eoff\u201c show_categories=\u201eoff\u201c _builder_version=\u201e4.21.0\u201c _module_preset=\u201edefault\u201c box_shadow_style=\u201epreset3\u201c global_colors_info=\u201c{}\u201c][\/et_pb_blog][\/et_pb_column][et_pb_column type=\u201e1_4\u201c _builder_version=\u201e4.16\u201c _module_preset=\u201edefault\u201c global_colors_info=\u201c{}\u201c][et_pb_text _builder_version=\u201e4.21.0\u201c _module_preset=\u201edefault\u201c global_colors_info=\u201c{}\u201c]<\/p>\n<p>Bewer\u00adbungen bitte&nbsp;an:<\/p>\n<p>[\/et_pb_text][et_pb_cta title=\u201eKindertagesst\u00e4tte Zauber\u00adwald\u201c button_url=\u201emailto:kita-zauberwald@oberursel.de\u201c url_new_window=\u201eon\u201c button_text=\u201eE\u2011Mail\u201c _builder_version=\u201e4.22.1\u201c _module_preset=\u201edefault\u201c custom_button=\u201eoff\u201c link_option_url_new_window=\u201eon\u201c hover_enabled=\u201e0\u201c locked=\u201eoff\u201c global_colors_info=\u201c{}\u201c sticky_enabled=\u201e0\u201c]<\/p>\n<p>Kleine Schmieh 24<br>61440 Oberursel (Taunus)<br>Tel.: <span>06171 92359\u2013100<\/span><br>Fax: 06171 92359\u2013109<br><a href=\"https:\/\/www.zauberwald-oberursel.de\">www.zauberwald-oberursel.de<\/a><\/p>\n<p>[\/et_pb_cta][\/et_pb_column][\/et_pb_row][\/et_pb_section][et_pb_section fb_built=\u201e1\u201c _builder_version=\u201e4.21.0\u201c _module_preset=\u201edefault\u201c background_image=\u201ehttps:\/\/www.zauberwald-oberursel.de\/KITA\/wp-content\/uploads\/Zauberwald_krippe_800_7964.jpg\u201c parallax=\u201eon\u201c parallax_method=\u201eoff\u201c min_height=\u201e600px\u201c min_height_tablet=\u201e400px\u201c min_height_phone=\u201e300px\u201c min_height_last_edited=\u201eon|phone\u201c background_last_edited=\u201eon|desktop\u201c global_colors_info=\u201c{}\u201c text_font_size_tablet=\u201e18px\u201c text_font_size_phone=\u201e16px\u201c text_font_size_last_edited=\u201eon|phone\u201c header_4_font_size_tablet=\u201e22px\u201c header_4_font_size_phone=\u201e20px\u201c header_4_font_size_last_edited=\u201eon|phone\u201c][et_pb_row _builder_version=\u201e4.16\u201c _module_preset=\u201edefault\u201c global_colors_info=\u201c{}\u201c][et_pb_column type=\u201e4_4\u201c _builder_version=\u201e4.16\u201c _module_preset=\u201edefault\u201c global_colors_info=\u201c{}\u201c][et_pb_text _builder_version=\u201e4.16\u201c _module_preset=\u201edefault\u201c text_orientation=\u201eright\u201c background_layout=\u201edark\u201c header_font_size_tablet=\u201e30px\u201c header_font_size_phone=\u201e20px\u201c header_font_size_last_edited=\u201eon|phone\u201c global_colors_info=\u201c{}\u201c]<\/p>\n<h1><\/h1>\n<p>[\/et_pb_text][\/et_pb_column][\/et_pb_row][\/et_pb_section]<\/p>\n","protected":false},"excerpt":{"rendered":"<p>im Zauber\u00adwald Stel\u00adlen\u00adan\u00adge\u00adbote\u00adBe\u00adwer\u00adbungen bitte an:Kleine Schmieh 2461440 Oberursel (Taunus)Tel.: 06171 92359\u2013100Fax: 06171 92359\u2013109www.zauberwald-oberursel.de<\/p>\n","protected":false},"author":2,"featured_media":0,"parent":0,"menu_order":0,"comment_status":"closed","ping_status":"closed","template":"","meta":{"_et_pb_use_builder":"on","_et_pb_old_content":"<p>Dies ist eine Beispiel-Seite. Sie unterscheidet sich von Beitr\u00e4gen, weil sie stets an der selben Stelle bleibt und (bei den meisten Themes) in der Navigationsleiste angezeigt wird. Die meisten Leute starten mit einer \u201e\u00dcber uns\u201c-Seite mit einer Vorstellung f\u00fcr m\u00f6gliche Besucher der Website. Dort k\u00f6nnte zum Beispiel stehen:<\/p><blockquote><p>Hallo! Tags\u00fcber arbeite ich als Fahrradkurier, nachts bin ich ein aufstrebender Schauspieler und dies hier ist mein Blog. Ich lebe in Berlin, habe einen gro\u00dfen Hund namens Jack, mag die Fantastischen Vier\u00a0und ein k\u00fchles Bier.<\/p><\/blockquote><p>Als neuer WordPress-Anwender solltest du das <a href=\"https:\/\/www.zauberwald-oberursel.de\/KITA\/wp-admin\/\">Dashboard<\/a> aufrufen, um diese Seite zu l\u00f6schen und statt dessen eine neue Seite mit deinem eigenen Inhalt erstellen. Viel Spa\u00df!<\/p>","_et_gb_content_width":"","wp_typography_post_enhancements_disabled":false,"footnotes":""},"class_list":["post-1629","page","type-page","status-publish","hentry"],"yoast_head":"<!-- This site is optimized with the Yoast SEO plugin v27.4 - https:\/\/yoast.com\/product\/yoast-seo-wordpress\/ -->\n<title>Stellenangebote - Zauberwald Oberursel<\/title>\n<meta name=\"robots\" content=\"index, follow, max-snippet:-1, max-image-preview:large, max-video-preview:-1\" \/>\n<link rel=\"canonical\" href=\"https:\/\/www.zauberwald-oberursel.de\/KITA\/stellenangebote\/\" \/>\n<meta property=\"og:locale\" content=\"de_DE\" \/>\n<meta property=\"og:type\" content=\"article\" \/>\n<meta property=\"og:title\" content=\"Stellenangebote - Zauberwald Oberursel\" \/>\n<meta property=\"og:description\" content=\"im Zauberwald StellenangeboteBewerbungen bitte an:Kleine Schmieh 2461440 Oberursel (Taunus)Tel.: 06171 92359-100Fax: 06171 92359-109www.zauberwald-oberursel.de\" \/>\n<meta property=\"og:url\" content=\"https:\/\/www.zauberwald-oberursel.de\/KITA\/stellenangebote\/\" \/>\n<meta property=\"og:site_name\" content=\"Zauberwald Oberursel\" \/>\n<meta property=\"article:modified_time\" content=\"2023-08-24T10:12:33+00:00\" \/>\n<meta name=\"twitter:card\" content=\"summary_large_image\" \/>\n<meta name=\"twitter:label1\" content=\"Gesch\u00e4tzte Lesezeit\" \/>\n\t<meta name=\"twitter:data1\" content=\"3\u00a0Minuten\" \/>\n<script type=\"application\/ld+json\" class=\"yoast-schema-graph\">{\"@context\":\"https:\\\/\\\/schema.org\",\"@graph\":[{\"@type\":\"WebPage\",\"@id\":\"https:\\\/\\\/www.zauberwald-oberursel.de\\\/KITA\\\/stellenangebote\\\/\",\"url\":\"https:\\\/\\\/www.zauberwald-oberursel.de\\\/KITA\\\/stellenangebote\\\/\",\"name\":\"Stellenangebote - Zauberwald Oberursel\",\"isPartOf\":{\"@id\":\"https:\\\/\\\/www.zauberwald-oberursel.de\\\/KITA\\\/#website\"},\"datePublished\":\"2021-07-30T12:12:31+00:00\",\"dateModified\":\"2023-08-24T10:12:33+00:00\",\"breadcrumb\":{\"@id\":\"https:\\\/\\\/www.zauberwald-oberursel.de\\\/KITA\\\/stellenangebote\\\/#breadcrumb\"},\"inLanguage\":\"de\",\"potentialAction\":[{\"@type\":\"ReadAction\",\"target\":[\"https:\\\/\\\/www.zauberwald-oberursel.de\\\/KITA\\\/stellenangebote\\\/\"]}]},{\"@type\":\"BreadcrumbList\",\"@id\":\"https:\\\/\\\/www.zauberwald-oberursel.de\\\/KITA\\\/stellenangebote\\\/#breadcrumb\",\"itemListElement\":[{\"@type\":\"ListItem\",\"position\":1,\"name\":\"Startseite\",\"item\":\"https:\\\/\\\/www.zauberwald-oberursel.de\\\/KITA\\\/\"},{\"@type\":\"ListItem\",\"position\":2,\"name\":\"Stellenangebote\"}]},{\"@type\":\"WebSite\",\"@id\":\"https:\\\/\\\/www.zauberwald-oberursel.de\\\/KITA\\\/#website\",\"url\":\"https:\\\/\\\/www.zauberwald-oberursel.de\\\/KITA\\\/\",\"name\":\"Zauberwald Oberursel\",\"description\":\"Kita Krippe Kindergarten\",\"potentialAction\":[{\"@type\":\"SearchAction\",\"target\":{\"@type\":\"EntryPoint\",\"urlTemplate\":\"https:\\\/\\\/www.zauberwald-oberursel.de\\\/KITA\\\/?s={search_term_string}\"},\"query-input\":{\"@type\":\"PropertyValueSpecification\",\"valueRequired\":true,\"valueName\":\"search_term_string\"}}],\"inLanguage\":\"de\"}]}<\/script>\n<!-- \/ Yoast SEO plugin. -->","yoast_head_json":{"title":"Stellenangebote - Zauberwald Oberursel","robots":{"index":"index","follow":"follow","max-snippet":"max-snippet:-1","max-image-preview":"max-image-preview:large","max-video-preview":"max-video-preview:-1"},"canonical":"https:\/\/www.zauberwald-oberursel.de\/KITA\/stellenangebote\/","og_locale":"de_DE","og_type":"article","og_title":"Stellenangebote - Zauberwald Oberursel","og_description":"im Zauberwald StellenangeboteBewerbungen bitte an:Kleine Schmieh 2461440 Oberursel (Taunus)Tel.: 06171 92359-100Fax: 06171 92359-109www.zauberwald-oberursel.de","og_url":"https:\/\/www.zauberwald-oberursel.de\/KITA\/stellenangebote\/","og_site_name":"Zauberwald Oberursel","article_modified_time":"2023-08-24T10:12:33+00:00","twitter_card":"summary_large_image","twitter_misc":{"Gesch\u00e4tzte Lesezeit":"3\u00a0Minuten"},"schema":{"@context":"https:\/\/schema.org","@graph":[{"@type":"WebPage","@id":"https:\/\/www.zauberwald-oberursel.de\/KITA\/stellenangebote\/","url":"https:\/\/www.zauberwald-oberursel.de\/KITA\/stellenangebote\/","name":"Stellenangebote - Zauberwald Oberursel","isPartOf":{"@id":"https:\/\/www.zauberwald-oberursel.de\/KITA\/#website"},"datePublished":"2021-07-30T12:12:31+00:00","dateModified":"2023-08-24T10:12:33+00:00","breadcrumb":{"@id":"https:\/\/www.zauberwald-oberursel.de\/KITA\/stellenangebote\/#breadcrumb"},"inLanguage":"de","potentialAction":[{"@type":"ReadAction","target":["https:\/\/www.zauberwald-oberursel.de\/KITA\/stellenangebote\/"]}]},{"@type":"BreadcrumbList","@id":"https:\/\/www.zauberwald-oberursel.de\/KITA\/stellenangebote\/#breadcrumb","itemListElement":[{"@type":"ListItem","position":1,"name":"Startseite","item":"https:\/\/www.zauberwald-oberursel.de\/KITA\/"},{"@type":"ListItem","position":2,"name":"Stellenangebote"}]},{"@type":"WebSite","@id":"https:\/\/www.zauberwald-oberursel.de\/KITA\/#website","url":"https:\/\/www.zauberwald-oberursel.de\/KITA\/","name":"Zauberwald Oberursel","description":"Kita Krippe Kindergarten","potentialAction":[{"@type":"SearchAction","target":{"@type":"EntryPoint","urlTemplate":"https:\/\/www.zauberwald-oberursel.de\/KITA\/?s={search_term_string}"},"query-input":{"@type":"PropertyValueSpecification","valueRequired":true,"valueName":"search_term_string"}}],"inLanguage":"de"}]}},"_links":{"self":[{"href":"https:\/\/www.zauberwald-oberursel.de\/KITA\/wp-json\/wp\/v2\/pages\/1629","targetHints":{"allow":["GET"]}}],"collection":[{"href":"https:\/\/www.zauberwald-oberursel.de\/KITA\/wp-json\/wp\/v2\/pages"}],"about":[{"href":"https:\/\/www.zauberwald-oberursel.de\/KITA\/wp-json\/wp\/v2\/types\/page"}],"author":[{"embeddable":true,"href":"https:\/\/www.zauberwald-oberursel.de\/KITA\/wp-json\/wp\/v2\/users\/2"}],"replies":[{"embeddable":true,"href":"https:\/\/www.zauberwald-oberursel.de\/KITA\/wp-json\/wp\/v2\/comments?post=1629"}],"version-history":[{"count":21,"href":"https:\/\/www.zauberwald-oberursel.de\/KITA\/wp-json\/wp\/v2\/pages\/1629\/revisions"}],"predecessor-version":[{"id":2870,"href":"https:\/\/www.zauberwald-oberursel.de\/KITA\/wp-json\/wp\/v2\/pages\/1629\/revisions\/2870"}],"wp:attachment":[{"href":"https:\/\/www.zauberwald-oberursel.de\/KITA\/wp-json\/wp\/v2\/media?parent=1629"}],"curies":[{"name":"wp","href":"https:\/\/api.w.org\/{rel}","templated":true}]}}