{"id":1077,"date":"2020-10-27T22:15:55","date_gmt":"2020-10-27T21:15:55","guid":{"rendered":"http:\/\/zauberwald-oberursel.de\/foerderverein\/?page_id=1077"},"modified":"2020-11-23T21:45:10","modified_gmt":"2020-11-23T20:45:10","slug":"datenschutzerklaerung","status":"publish","type":"page","link":"https:\/\/www.zauberwald-oberursel.de\/foerderverein\/datenschutzerklaerung\/","title":{"rendered":"Datenschutzerkl\u00e4rung"},"content":{"rendered":"\t\t<div data-elementor-type=\"wp-page\" data-elementor-id=\"1077\" class=\"elementor elementor-1077\" data-elementor-settings=\"[]\">\n\t\t\t\t\t\t<div class=\"elementor-inner\">\n\t\t\t\t\t\t\t<div class=\"elementor-section-wrap\">\n\t\t\t\t\t\t\t<section class=\"elementor-section elementor-top-section elementor-element elementor-element-1e82b54 elementor-section-boxed elementor-section-height-default elementor-section-height-default\" data-id=\"1e82b54\" data-element_type=\"section\">\n\t\t\t\t\t\t<div class=\"elementor-container elementor-column-gap-default\">\n\t\t\t\t\t\t\t<div class=\"elementor-row\">\n\t\t\t\t\t<div class=\"elementor-column elementor-col-100 elementor-top-column elementor-element elementor-element-7441f0ef\" data-id=\"7441f0ef\" data-element_type=\"column\">\n\t\t\t<div class=\"elementor-column-wrap elementor-element-populated\">\n\t\t\t\t\t\t\t<div class=\"elementor-widget-wrap\">\n\t\t\t\t\t\t<div class=\"elementor-element elementor-element-c550a0d elementor-widget elementor-widget-text-editor\" data-id=\"c550a0d\" data-element_type=\"widget\" data-widget_type=\"text-editor.default\">\n\t\t\t\t<div class=\"elementor-widget-container\">\n\t\t\t\t\t<div class=\"elementor-text-editor elementor-clearfix\"><div class=\"wp-suggested-text hide-privacy-policy-tutorial\">\n<p>Wir sammeln Informationen \u00fcber Besucher, die Kommentare auf Websites, die unseren Akismet Anti-Spam Service benutzen, hinterlassen. Das Ausma\u00df an Informationen, die wir sammeln, h\u00e4ngt davon ab, wie der Benutzer seine Website eingestellt hat. Normalerweise beinhalten diese Daten die IP-Adresse des Benutzers, den User Agent, Referrer und Website-URL (sowie die Informationen, die der Benutzer direkt eingegeben hat wie z.B. Namen, Benutzernamen, E-Mail-Adresse und den Kommentar selbst).<\/p><p><br><\/p>\n<p><\/p>\n<\/div>\n<div class=\"wp-suggested-text hide-privacy-policy-tutorial\">\n<h2>Wer wir sind<\/h2>\n<p class=\"privacy-policy-tutorial\">In diesem Abschnitt solltest du die URL deiner Website nennen sowie den Namen des Unternehmens, der Organisation oder des Individuums hinter dem Projekt und auch korrekte Kontakt-Informationen.<\/p>\n<p class=\"privacy-policy-tutorial\">Der Umfang der Informationen, f\u00fcr die es erforderlich sein kann, sie anzuzeigen, wird in Abh\u00e4ngigkeit von deinen lokalen oder nationalen Gesch\u00e4ftsordnungen variieren. Es kann zum Beispiel erforderlich sein, deine physische Adresse, eine registrierte Adresse oder die Registernummer deines Unternehmens anzugeben.<\/p>\n<p>Die Adresse unserer Website ist: http:\/\/zauberwald-oberursel.de\/foerderverein.<\/p><p><br><\/p>\n<p><\/p>\n<h2>Welche personenbezogenen Daten wir sammeln und warum wir sie sammeln<\/h2>\n<p class=\"privacy-policy-tutorial\">In diesem Abschnitt solltest du angeben, welche personenbezogenen Daten du von Benutzern und Besuchern deiner Website sammelst. Dies k\u00f6nnen personenbezogene Daten wie Name, E-Mail-Adresse, pers\u00f6nliche Kontoeinstellungen, Transaktionsdaten wie z.&nbsp;B. Kaufinformationen sowie technische Daten wie z.&nbsp;B. Informationen \u00fcber Cookies sein.<\/p>\n<p class=\"privacy-policy-tutorial\">Du musst auch jede Erfassung und Speicherung sensibler personenbezogener Daten, wie Gesundheitsdaten, deutlich machen.<\/p>\n<p class=\"privacy-policy-tutorial\">Zus\u00e4tzlich zur der Auflistung der Art personenbezogener Daten, die du sammelst, musst du den Grund daf\u00fcr darlegen. Diese Erkl\u00e4rungen m\u00fcssen entweder die Rechtsgrundlage der Sammlung und Speicherung von Daten erw\u00e4hnen oder die Einverst\u00e4ndniserkl\u00e4rung, in die der Benutzer eingewilligt hat.<\/p>\n<p class=\"privacy-policy-tutorial\">Personenbezogene Daten werden nicht nur bei Interaktionen eines Benutzers mit deiner Website erstellt. Personenbezogene Daten werden auch bei technischen Prozessen wie bei Kontaktformularen, Kommentaren, Cookies, Analysewerkzeugen und Einbettungen von Drittanbietern erzeugt.<\/p>\n<p class=\"privacy-policy-tutorial\">Standardm\u00e4\u00dfig sammelt WordPress keine personenbezogenen Daten \u00fcber Benutzer und sammelt nur die Daten, die im Profil eines registrierten Benutzers angezeigt werden. Einige deiner Plugins k\u00f6nnen aber zus\u00e4tzliche personenbezogene Daten sammeln, f\u00fcge die relevanten Informationen unten hinzu.<\/p><p class=\"privacy-policy-tutorial\"><br><\/p>\n<p class=\"privacy-policy-tutorial\">\n<\/p><h3>Kommentare<\/h3>\n<p>Wenn Besucher Kommentare auf der Website schreiben, sammeln wir die Daten, die im Kommentar-Formular angezeigt werden, au\u00dferdem die IP-Adresse des Besuchers und den User-Agent-String (damit wird der Browser identifiziert), um die Erkennung von Spam zu unterst\u00fctzen.<\/p>\n<p>Aus deiner E-Mail-Adresse kann eine anonymisierte Zeichenfolge erstellt (auch Hash genannt) und dem Gravatar-Dienst \u00fcbergeben werden, um zu pr\u00fcfen, ob du diesen benutzt. Die Datenschutzerkl\u00e4rung des Gravatar-Dienstes findest du hier: https:\/\/automattic.com\/privacy\/. Nachdem dein Kommentar freigegeben wurde, ist dein Profilbild \u00f6ffentlich im Kontext deines Kommentars sichtbar.<\/p><p><br><\/p>\n<p><\/p>\n<h3>Medien<\/h3>\n<p>Wenn du ein registrierter Benutzer bist und Fotos auf diese Website l\u00e4dst, solltest du vermeiden, Fotos mit einem EXIF-GPS-Standort hochzuladen. Besucher dieser Website k\u00f6nnten Fotos, die auf dieser Website gespeichert sind, herunterladen und deren Standort-Informationen extrahieren.<\/p><p><br><\/p>\n<p><\/p>\n<h3>Kontaktformulare<\/h3>\n<p class=\"privacy-policy-tutorial\">Standardm\u00e4\u00dfig beinhaltet WordPress kein Kontaktformular. Falls du ein Kontaktformular-Plugin benutzt, nutze diesen Unterabschnitt, um anzugeben, welche personenbezogenen Daten bei der \u00dcbermittlung eines Kontaktformulars aufgezeichnet werden und wie lange du sie speicherst. Du k\u00f6nntest zum Beispiel angeben, dass \u00fcbermittelte Kontaktformulare f\u00fcr den Kundenservice f\u00fcr eine bestimmte Zeit gespeichert werden, w\u00e4hrend du solche nicht f\u00fcr Marketing-Zwecke verwendest.<\/p><p class=\"privacy-policy-tutorial\"><br><\/p>\n<p class=\"privacy-policy-tutorial\">\n<\/p><h3>Cookies<\/h3>\n<p class=\"privacy-policy-tutorial\">In diesem Unterabschnitt solltest du die Cookies auflisten, die deine Website benutzt, inklusive solcher, die deine Plugins, Soziale Medien und Analysedienste setzen. Wir haben die Cookies angegeben, die WordPress standardm\u00e4\u00dfig installiert.<\/p>\n<p><strong class=\"privacy-policy-tutorial\">Textvorschlag: <\/strong>Wenn du einen Kommentar auf unserer Website schreibst, kann das eine Einwilligung sein, deinen Namen, E-Mail-Adresse und Website in Cookies zu speichern. Dies ist eine Komfortfunktion, damit du nicht, wenn du einen weiteren Kommentar schreibst, all diese Daten erneut eingeben musst. Diese Cookies werden ein Jahr lang gespeichert.<\/p>\n<p>Falls du ein Konto hast und dich auf dieser Website anmeldest, werden wir ein tempor\u00e4res Cookie setzen, um festzustellen, ob dein Browser Cookies akzeptiert. Dieses Cookie enth\u00e4lt keine personenbezogenen Daten und wird verworfen, wenn du deinen Browser schlie\u00dft.<\/p>\n<p>Wenn du dich anmeldest, werden wir einige Cookies einrichten, um deine Anmeldeinformationen und Anzeigeoptionen zu speichern. Anmelde-Cookies verfallen nach zwei Tagen und Cookies f\u00fcr die Anzeigeoptionen nach einem Jahr. Falls du bei der Anmeldung \u201eAngemeldet bleiben\u201c ausw\u00e4hlst, wird deine Anmeldung zwei Wochen lang aufrechterhalten. Mit der Abmeldung aus deinem Konto werden die Anmelde-Cookies gel\u00f6scht.<\/p>\n<p>Wenn du einen Artikel bearbeitest oder ver\u00f6ffentlichst, wird ein zus\u00e4tzlicher Cookie in deinem Browser gespeichert. Dieser Cookie enth\u00e4lt keine personenbezogenen Daten und verweist nur auf die Beitrags-ID des Artikels, den du gerade bearbeitet hast. Der Cookie verf\u00e4llt nach einem Tag.<\/p><p><br><\/p>\n<p><\/p>\n<h3>Eingebettete Inhalte von anderen Websites<\/h3>\n<p><strong class=\"privacy-policy-tutorial\">Textvorschlag: <\/strong>Beitr\u00e4ge auf dieser Website k\u00f6nnen eingebettete Inhalte beinhalten (z.&nbsp;B. Videos, Bilder, Beitr\u00e4ge etc.). Eingebettete Inhalte von anderen Websites verhalten sich exakt so, als ob der Besucher die andere Website besucht h\u00e4tte.<\/p>\n<p>Diese Websites k\u00f6nnen Daten \u00fcber dich sammeln, Cookies benutzen, zus\u00e4tzliche Tracking-Dienste von Dritten einbetten und deine Interaktion mit diesem eingebetteten Inhalt aufzeichnen, inklusive deiner Interaktion mit dem eingebetteten Inhalt, falls du ein Konto hast und auf dieser Website angemeldet bist.<\/p><p><br><\/p>\n<p><\/p>\n<h3>Analysedienste<\/h3>\n<p class=\"privacy-policy-tutorial\">In diesem Unterabschnitt solltest du angeben, welche Analysedienste du verwendest, wie Benutzer das Analyse-Tracking ablehnen k\u00f6nnen sowie einen Link zur Datenschutzerkl\u00e4rung deines Analysedienst-Anbieters einf\u00fcgen, falls vorhanden.<\/p>\n<p class=\"privacy-policy-tutorial\">Standardm\u00e4\u00dfig sammelt WordPress keine Analysedaten. Allerdings sammeln viele Webhosting-Konten einige anonyme Analysedaten. M\u00f6glicherweise hast du auch ein WordPress-Plugin installiert, das Analysedienste bereitstellt. In diesem Fall f\u00fcge Informationen aus diesem Plugin hier hinzu.<\/p><p class=\"privacy-policy-tutorial\"><br><\/p><p class=\"privacy-policy-tutorial\"><br><\/p>\n<p class=\"privacy-policy-tutorial\">\n<\/p><h2>Mit wem wir deine Daten teilen<\/h2>\n<p class=\"privacy-policy-tutorial\">In diesem Abschnitt solltest du alle Drittanbieter mit Namen auflisten, mit denen du Daten der Website teilst, inklusive Partner, Cloud-basierte Dienstleister, Zahlungsdienstleister und Dritt-Dienstanbieter und aufzeigen, welche Daten du mit ihnen teilst und warum. Falls m\u00f6glich f\u00fcge Links zu deren eigenen Datenschutzbestimmungen hinzu.<\/p>\n<p class=\"privacy-policy-tutorial\">Standardm\u00e4\u00dfig teilt WordPress keinerlei personenbezogene Daten mit Dritten.<\/p><p class=\"privacy-policy-tutorial\"><br><\/p><p class=\"privacy-policy-tutorial\"><br><\/p>\n<h2>Wie lange wir deine Daten speichern<\/h2>\n<p class=\"privacy-policy-tutorial\">In diesem Bereich solltest du erl\u00e4utern, wie lange du die personenbezogenen Daten, die du gesammelt oder verarbeitet hast, aufbewahrst. W\u00e4hrend es in deiner Verantwortung liegt, eine \u00dcbersicht dar\u00fcber, wie lange du jeden einzelnen Datensatz aufbewahrst und warum du das machst, zu erstellen, musst du diese hier im Detail auff\u00fchren. Beispielsweise kannst du eintragen, dass du Kontaktformulardaten f\u00fcr sechs Monate, Statistikdaten f\u00fcr ein Jahr und Bestelldaten f\u00fcr zehn Jahre aufbewahrst.<\/p>\n<p><strong class=\"privacy-policy-tutorial\">Textvorschlag: <\/strong>Wenn du einen Kommentar schreibst, wird dieser inklusive Metadaten zeitlich unbegrenzt gespeichert. Auf diese Art k\u00f6nnen wir Folgekommentare automatisch erkennen und freigeben, anstelle sie in einer Moderations-Warteschlange festzuhalten.<\/p>\n<p>F\u00fcr Benutzer, die sich auf unserer Website registrieren, speichern wir zus\u00e4tzlich die pers\u00f6nlichen Informationen, die sie in ihren Benutzerprofilen angeben. Alle Benutzer k\u00f6nnen jederzeit ihre pers\u00f6nlichen Informationen einsehen, ver\u00e4ndern oder l\u00f6schen (der Benutzername kann nicht ver\u00e4ndert werden). Administratoren der Website k\u00f6nnen diese Informationen ebenfalls einsehen und ver\u00e4ndern.<\/p><p><br><\/p><p><br><\/p>\n<h2>Welche Rechte du an deinen Daten hast<\/h2>\n<p class=\"privacy-policy-tutorial\">In diesem Abschnitt solltest du erkl\u00e4ren, welche Datenschutzrechte die Benutzer deiner Website haben und wie sie diese geltend machen k\u00f6nnen.<\/p>\n<p><strong class=\"privacy-policy-tutorial\">Textvorschlag: <\/strong>Wenn du ein Konto auf dieser Website besitzt oder Kommentare geschrieben hast, kannst du einen Export deiner personenbezogenen Daten bei uns anfordern, inklusive aller Daten, die du uns mitgeteilt hast. Dar\u00fcber hinaus kannst du die L\u00f6schung aller personenbezogenen Daten, die wir von dir gespeichert haben, anfordern. Dies umfasst nicht die Daten, die wir aufgrund administrativer, rechtlicher oder sicherheitsrelevanter Notwendigkeiten aufbewahren m\u00fcssen.<\/p><p><br><\/p><p><br><\/p>\n<h2>Wohin wir deine Daten senden<\/h2>\n<p class=\"privacy-policy-tutorial\">In diesem Bereich solltest du alle \u00dcbertragungen der Daten von deiner Website mit Ziel au\u00dferhalb der EU auff\u00fchren und die Methoden beschreiben, mit denen die Daten nach dem europ\u00e4ischen Datenschutzbestimmungen gesch\u00fctzt werden. Dies kann dein Webhosting, deinen Cloud-Speicher oder andere Drittanbieter-Dienste betreffen.<\/p>\n<p class=\"privacy-policy-tutorial\">Das europ\u00e4ische Datenschutzgesetz sieht vor, dass Daten \u00fcber europ\u00e4ische Bewohner, die au\u00dferhalb der EU \u00fcbertragen werden, mit denselben Standards gesch\u00fctzt werden m\u00fcssen, als wenn die Daten in Europa verarbeitet w\u00fcrden. Zus\u00e4tzlich zu einer Auflistung, wohin die Daten \u00fcbertragen werden, solltest du beschreiben, wie die Einhaltung der Standards durch dich oder Drittanbieter gew\u00e4hrleistet wird und ob dies durch eine Vereinbarung wie das Privacy Shield, eigene Vertragsklauseln oder auch Unternehmensrichtlinien erreicht wird.<\/p>\n<p><strong class=\"privacy-policy-tutorial\">Textvorschlag: <\/strong>Besucher-Kommentare k\u00f6nnten von einem automatisierten Dienst zur Spam-Erkennung untersucht werden.<\/p><p><br><\/p><p><br><\/p>\n<h2>Deine Kontakt-Informationen<\/h2>\n<p class=\"privacy-policy-tutorial\">In diesem Bereich solltest du eine Kontaktm\u00f6glichkeit f\u00fcr datenschutzrelevante Anliegen anbieten. Wenn du einen Datenschutzbeauftragten einsetzt, f\u00fchre den Namen und die vollst\u00e4ndigen Kontaktdaten hier ebenfalls auf.<\/p><p class=\"privacy-policy-tutorial\"><br><\/p><p class=\"privacy-policy-tutorial\"><br><\/p>\n<h2>Weitere Informationen<\/h2>\n<p class=\"privacy-policy-tutorial\">Wenn du deine Website kommerziell betreibst und weitergehende personenbezogene Daten sammelst bzw. verarbeitest, solltest du die folgende Information in deine Datenschutzerkl\u00e4rung aufnehmen, zus\u00e4tzlich zu den Informationen, die wir bereits bearbeitet haben.<\/p><p class=\"privacy-policy-tutorial\"><br><\/p>\n<h3>Wie wir deine Daten sch\u00fctzen<\/h3>\n<p class=\"privacy-policy-tutorial\">In diesem Bereich solltest du erl\u00e4utern, welche Ma\u00dfnahmen du ergriffen hast, um deine Benutzerdaten zu sch\u00fctzen. Dies umfasst technische Ma\u00dfnahmen wie Verschl\u00fcsselung, Sicherheitsma\u00dfnahmen wie Zwei-Faktor-Authentifizierung und menschliche Faktoren wie Datenschutz-Schulungen f\u00fcr die Mitarbeiter. Wenn du eine Datenschutz-Folgenabsch\u00e4tzung erstellt hast, kannst du sie hier auch erw\u00e4hnen.<\/p><p class=\"privacy-policy-tutorial\"><br><\/p>\n<h3>Welche Ma\u00dfnahmen wir bei Datenschutzverletzungen anbieten<\/h3>\n<p class=\"privacy-policy-tutorial\">In diesem Bereich solltest du erl\u00e4utern, welche Ma\u00dfnahmen du ergriffen hast, um mit potentiellen oder realen Datenlecks umzugehen, beispielsweise interne Reporting-Systeme, Kontaktmechanismen oder Bug-Bounty-Programme.<\/p><p class=\"privacy-policy-tutorial\"><br><\/p>\n<h3>Von welchen Drittanbietern wir Daten erhalten<\/h3>\n<p class=\"privacy-policy-tutorial\">Falls deine Website von Dritten Daten \u00fcber Benutzer erh\u00e4lt, inklusive Werbetreibenden, muss diese Information innerhalb des Abschnitts deiner Datenschutzerkl\u00e4rung enthalten sein, der Auskunft \u00fcber Daten von Dritten gibt.<\/p><p class=\"privacy-policy-tutorial\"><br><\/p>\n<h3>Welche automatisierte Entscheidungsfindung und\/oder Profilerstellung wir mit Benutzerdaten durchf\u00fchren<\/h3>\n<p class=\"privacy-policy-tutorial\">Falls deine Website einen Dienst anbietet, der automatisierte Entscheidungsfindung beinhaltet, z.&nbsp;B. f\u00fcr Kreditanfragen von Benutzern oder das Sammeln ihrer Daten f\u00fcr ein Werbeprofil, musst du diese Information \u00f6ffentlich machen und Informationen dar\u00fcber anbieten, wie diese Informationen genutzt werden, welche Entscheidungen aufgrund dieser Daten getroffen werden und welche Rechte Benutzer innerhalb dieses Prozesses ohne menschlichen Eingriff haben.<\/p><p class=\"privacy-policy-tutorial\"><br><\/p>\n<h3>Industrielle aufsichtsrechtliche Regulierungsanforderungen<\/h3>\n<p class=\"privacy-policy-tutorial\">Wenn du einer regulierten Branche angeh\u00f6rst oder zus\u00e4tzlichen Datenschutzgesetzen unterliegst, bist du m\u00f6glicherweise verpflichtet, diese Informationen hier offenzulegen.<\/p>\n<\/div>\n<p><!-- wp:dsgvo-all-in-one-for-wp\/privacy-policy \/--><\/p><\/div>\n\t\t\t\t<\/div>\n\t\t\t\t<\/div>\n\t\t\t\t\t\t<\/div>\n\t\t\t\t\t<\/div>\n\t\t<\/div>\n\t\t\t\t\t\t\t\t<\/div>\n\t\t\t\t\t<\/div>\n\t\t<\/section>\n\t\t\t\t\t\t<\/div>\n\t\t\t\t\t\t<\/div>\n\t\t\t\t\t<\/div>\n\t\t","protected":false},"excerpt":{"rendered":"<p>Wir sammeln Informationen \u00fcber Besucher, die Kommentare auf Websites, die unseren Akismet Anti-Spam Service benutzen, hinterlassen. Das Ausma\u00df an Informationen, die wir sammeln, h\u00e4ngt davon ab, wie der Benutzer seine Website eingestellt hat. Normalerweise beinhalten diese Daten die IP-Adresse des Benutzers, den User Agent, Referrer und Website-URL (sowie die Informationen, die der Benutzer direkt eingegeben [&hellip;]<\/p>\n","protected":false},"author":15,"featured_media":0,"parent":0,"menu_order":0,"comment_status":"closed","ping_status":"closed","template":"","meta":[],"_links":{"self":[{"href":"https:\/\/www.zauberwald-oberursel.de\/foerderverein\/wp-json\/wp\/v2\/pages\/1077"}],"collection":[{"href":"https:\/\/www.zauberwald-oberursel.de\/foerderverein\/wp-json\/wp\/v2\/pages"}],"about":[{"href":"https:\/\/www.zauberwald-oberursel.de\/foerderverein\/wp-json\/wp\/v2\/types\/page"}],"author":[{"embeddable":true,"href":"https:\/\/www.zauberwald-oberursel.de\/foerderverein\/wp-json\/wp\/v2\/users\/15"}],"replies":[{"embeddable":true,"href":"https:\/\/www.zauberwald-oberursel.de\/foerderverein\/wp-json\/wp\/v2\/comments?post=1077"}],"version-history":[{"count":8,"href":"https:\/\/www.zauberwald-oberursel.de\/foerderverein\/wp-json\/wp\/v2\/pages\/1077\/revisions"}],"predecessor-version":[{"id":1347,"href":"https:\/\/www.zauberwald-oberursel.de\/foerderverein\/wp-json\/wp\/v2\/pages\/1077\/revisions\/1347"}],"wp:attachment":[{"href":"https:\/\/www.zauberwald-oberursel.de\/foerderverein\/wp-json\/wp\/v2\/media?parent=1077"}],"curies":[{"name":"wp","href":"https:\/\/api.w.org\/{rel}","templated":true}]}}