{"id":2,"date":"2012-05-15T09:43:59","date_gmt":"2012-05-15T07:43:59","guid":{"rendered":"http:\/\/zauberwald-oberursel.de\/foerderverein\/?page_id=2"},"modified":"2020-11-30T08:33:33","modified_gmt":"2020-11-30T07:33:33","slug":"ueber-uns","status":"publish","type":"page","link":"https:\/\/www.zauberwald-oberursel.de\/foerderverein\/ueber-uns\/","title":{"rendered":"\u00dcber uns"},"content":{"rendered":"\t\t<div data-elementor-type=\"wp-page\" data-elementor-id=\"2\" class=\"elementor elementor-2\" data-elementor-settings=\"[]\">\n\t\t\t\t\t\t<div class=\"elementor-inner\">\n\t\t\t\t\t\t\t<div class=\"elementor-section-wrap\">\n\t\t\t\t\t\t\t<section class=\"elementor-section elementor-top-section elementor-element elementor-element-43606c4d elementor-section-boxed elementor-section-height-default elementor-section-height-default\" data-id=\"43606c4d\" data-element_type=\"section\">\n\t\t\t\t\t\t<div class=\"elementor-container elementor-column-gap-default\">\n\t\t\t\t\t\t\t<div class=\"elementor-row\">\n\t\t\t\t\t<div class=\"elementor-column elementor-col-100 elementor-top-column elementor-element elementor-element-1dc7e4fe\" data-id=\"1dc7e4fe\" data-element_type=\"column\">\n\t\t\t<div class=\"elementor-column-wrap elementor-element-populated\">\n\t\t\t\t\t\t\t<div class=\"elementor-widget-wrap\">\n\t\t\t\t\t\t<div class=\"elementor-element elementor-element-6eecc17b elementor-widget elementor-widget-text-editor\" data-id=\"6eecc17b\" data-element_type=\"widget\" data-widget_type=\"text-editor.default\">\n\t\t\t\t<div class=\"elementor-widget-container\">\n\t\t\t\t\t<div class=\"elementor-text-editor elementor-clearfix\"><h3><a href=\"http:\/\/zauberwald-oberursel.de\/foerderverein\/wp-content\/uploads\/IMG_0406-e1386235555583.jpg\"><img loading=\"lazy\" class=\"alignleft size-medium wp-image-528\" src=\"http:\/\/zauberwald-oberursel.de\/foerderverein\/wp-content\/uploads\/IMG_0406-e1386235555583-300x155.jpg\" alt=\"IMG_0406\" width=\"300\" height=\"155\" srcset=\"https:\/\/www.zauberwald-oberursel.de\/foerderverein\/wp-content\/uploads\/IMG_0406-e1386235555583-300x155.jpg 300w, https:\/\/www.zauberwald-oberursel.de\/foerderverein\/wp-content\/uploads\/IMG_0406-e1386235555583-768x397.jpg 768w, https:\/\/www.zauberwald-oberursel.de\/foerderverein\/wp-content\/uploads\/IMG_0406-e1386235555583-1024x530.jpg 1024w, https:\/\/www.zauberwald-oberursel.de\/foerderverein\/wp-content\/uploads\/IMG_0406-e1386235555583-600x310.jpg 600w\" sizes=\"(max-width: 300px) 100vw, 300px\" \/><\/a><strong>Wir wollen\u2026<\/strong><\/h3>\n<p><em>\u2026 dass unsere Kinder spielend lernen und lernend spielen.<\/em><br><em> \u2026 dass sie sich im Kindergarten wohlf\u00fchlen.<\/em><\/p><p><em><br><\/em><\/p>\n<p>Der F\u00f6rderverein der Kindertagesst\u00e4tte Zauberwald Oberursel e. V. ist ein Zusammenschluss engagierter Eltern, die zus\u00e4tzliche Gelder mobilisieren. Diese Gelder kommen ausschlie\u00dflich der F\u00f6rderung der Kinder sowie der Ausstattung der Kindertagesst\u00e4tte Zauberwald zu Gute.<\/p><p><br><\/p>\n<p><\/p>\n<h3><strong>Wir m\u00f6chten Sie einladen, aktiv an diesen Zielen mit zu arbeiten!<\/strong><\/h3>\n<p>Durch Ihre Mitgliedschaft, durch Geld- oder Sachspenden oder mit Ideen und Anregungen k\u00f6nnen Sie die Arbeit des Vereins unterst\u00fctzen.<\/p>\n<p>Wir wollen die sehr gute Bildungsarbeit des Zauberwald-Teams mit unserer Arbeit unterst\u00fctzen. Damit helfen wir, das Angebot an M\u00f6glichkeiten f\u00fcr eine exzellente k\u00f6rperliche und geistige Entwicklung der Kinder auszubauen.<\/p>\n<p>In enger Zusammenarbeit mit den Eltern und dem Personal des Zauberwaldes entscheiden die Mitglieder des F\u00f6rdervereins stets nach dem gleichen Grundsatz:<\/p>\n<h3>&nbsp;<\/h3>\n<h3><strong>Was nutzt den Kindern? Was verbessert Ihr Umfeld?<\/strong><\/h3>\n<p>Sie wollen unsere Arbeit unterst\u00fctzen? Sie wollen Mitglied im F\u00f6rderverein werden oder uns mit einer einmaligen Spende unterst\u00fctzen? Weitere Informationen dazu sowie den Mitgliedsantrag finden Sie in der <a href=\"http:\/\/zauberwald-oberursel.de\/foerderverein\/wp-content\/uploads\/FV_Zauberwald_Flyer_2016.pdf\" rel=\"attachment wp-att-779\">Informationsbroch\u00fcre des F\u00f6rdervereins<\/a>&nbsp;oder schreiben Sie uns&nbsp;zu Ihren Fragen&nbsp;eine Email \u00fcber unser <a href=\"http:\/\/zauberwald-oberursel.de\/foerderverein\/kontakt\/\">Kontaktformular<\/a>.<\/p>\n<p><\/p>\n<p>Auf Wunsch stellen wir Ihnen ab einem j\u00e4hrlichen Spendenbeitrag von Euro 200,- auch eine Spendenquittung aus!<\/p>\n<p><\/p><\/div>\n\t\t\t\t<\/div>\n\t\t\t\t<\/div>\n\t\t\t\t\t\t<\/div>\n\t\t\t\t\t<\/div>\n\t\t<\/div>\n\t\t\t\t\t\t\t\t<\/div>\n\t\t\t\t\t<\/div>\n\t\t<\/section>\n\t\t\t\t\t\t<\/div>\n\t\t\t\t\t\t<\/div>\n\t\t\t\t\t<\/div>\n\t\t","protected":false},"excerpt":{"rendered":"<p>Wir wollen\u2026 \u2026 dass unsere Kinder spielend lernen und lernend spielen. \u2026 dass sie sich im Kindergarten wohlf\u00fchlen. Der F\u00f6rderverein der Kindertagesst\u00e4tte Zauberwald Oberursel e. V. ist ein Zusammenschluss engagierter Eltern, die zus\u00e4tzliche Gelder mobilisieren. Diese Gelder kommen ausschlie\u00dflich der F\u00f6rderung der Kinder sowie der Ausstattung der Kindertagesst\u00e4tte Zauberwald zu Gute. Wir m\u00f6chten Sie einladen, [&hellip;]<\/p>\n","protected":false},"author":1,"featured_media":0,"parent":0,"menu_order":10,"comment_status":"closed","ping_status":"closed","template":"","meta":[],"_links":{"self":[{"href":"https:\/\/www.zauberwald-oberursel.de\/foerderverein\/wp-json\/wp\/v2\/pages\/2"}],"collection":[{"href":"https:\/\/www.zauberwald-oberursel.de\/foerderverein\/wp-json\/wp\/v2\/pages"}],"about":[{"href":"https:\/\/www.zauberwald-oberursel.de\/foerderverein\/wp-json\/wp\/v2\/types\/page"}],"author":[{"embeddable":true,"href":"https:\/\/www.zauberwald-oberursel.de\/foerderverein\/wp-json\/wp\/v2\/users\/1"}],"replies":[{"embeddable":true,"href":"https:\/\/www.zauberwald-oberursel.de\/foerderverein\/wp-json\/wp\/v2\/comments?post=2"}],"version-history":[{"count":43,"href":"https:\/\/www.zauberwald-oberursel.de\/foerderverein\/wp-json\/wp\/v2\/pages\/2\/revisions"}],"predecessor-version":[{"id":1636,"href":"https:\/\/www.zauberwald-oberursel.de\/foerderverein\/wp-json\/wp\/v2\/pages\/2\/revisions\/1636"}],"wp:attachment":[{"href":"https:\/\/www.zauberwald-oberursel.de\/foerderverein\/wp-json\/wp\/v2\/media?parent=2"}],"curies":[{"name":"wp","href":"https:\/\/api.w.org\/{rel}","templated":true}]}}