{"id":7,"date":"2012-05-15T11:38:58","date_gmt":"2012-05-15T09:38:58","guid":{"rendered":"http:\/\/zauberwald-oberursel.de\/foerderverein\/?page_id=7"},"modified":"2020-11-23T21:51:45","modified_gmt":"2020-11-23T20:51:45","slug":"unsere-ziele","status":"publish","type":"page","link":"https:\/\/www.zauberwald-oberursel.de\/foerderverein\/unsere-ziele\/","title":{"rendered":"Unsere Ziele"},"content":{"rendered":"\t\t<div data-elementor-type=\"wp-page\" data-elementor-id=\"7\" class=\"elementor elementor-7\" data-elementor-settings=\"[]\">\n\t\t\t\t\t\t<div class=\"elementor-inner\">\n\t\t\t\t\t\t\t<div class=\"elementor-section-wrap\">\n\t\t\t\t\t\t\t<section class=\"elementor-section elementor-top-section elementor-element elementor-element-79d73d69 elementor-section-boxed elementor-section-height-default elementor-section-height-default\" data-id=\"79d73d69\" data-element_type=\"section\">\n\t\t\t\t\t\t<div class=\"elementor-container elementor-column-gap-default\">\n\t\t\t\t\t\t\t<div class=\"elementor-row\">\n\t\t\t\t\t<div class=\"elementor-column elementor-col-100 elementor-top-column elementor-element elementor-element-5f679b3e\" data-id=\"5f679b3e\" data-element_type=\"column\">\n\t\t\t<div class=\"elementor-column-wrap elementor-element-populated\">\n\t\t\t\t\t\t\t<div class=\"elementor-widget-wrap\">\n\t\t\t\t\t\t<div class=\"elementor-element elementor-element-10651b9a elementor-widget elementor-widget-text-editor\" data-id=\"10651b9a\" data-element_type=\"widget\" data-widget_type=\"text-editor.default\">\n\t\t\t\t<div class=\"elementor-widget-container\">\n\t\t\t\t\t<div class=\"elementor-text-editor elementor-clearfix\"><p>Wir unterst\u00fctzen die Kindertagesst\u00e4tte Zauberwald insbesondere durch die Bereitstellung finanzieller Mittel. Wir arbeiten eng mit dem Team der Kindertagesst\u00e4tte Zauberwald und dem Tr\u00e4ger zusammen. Durch die Mitgliedsbeitr\u00e4ge und Spenden ist der F\u00f6rderverein in der Lage, p\u00e4dagogisches Material zu erneuern und zu erg\u00e4nzen und projektbezogene Arbeiten der Einrichtung zu f\u00f6rdern.<\/p>\n<p>Die Sponsorenmappe f\u00fcr das Au\u00dfengel\u00e4nde k\u00f6nnt Ihr hier downloaden: <a href=\"http:\/\/zauberwald-oberursel.de\/foerderverein\/wp-content\/uploads\/Exposee_Aussengelaende_Zauberwald.pdf\">Exposee_Aussengelaende_Zauberwald<\/a>. Wie das Au\u00dfengel\u00e4nde einmal aussehen soll, erfahrt Ihr beim Anklicken des Bildes oder hier:&nbsp;<a href=\"http:\/\/zauberwald-oberursel.de\/foerderverein\/wp-content\/uploads\/2012\/09\/Planung.pdf\">Planung.pdf<\/a><\/p><p><br><\/p><p><br><\/p>\n<figure id=\"attachment_234\" aria-describedby=\"caption-attachment-234\" style=\"width: 425px\" class=\"wp-caption aligncenter\"><a href=\"http:\/\/zauberwald-oberursel.de\/foerderverein\/wp-content\/uploads\/2012\/09\/Planung.pdf\"><img loading=\"lazy\" class=\"size-full wp-image-234 \" title=\"Planung des Au\u00dfengl\u00e4ndes\" alt=\"\" src=\"http:\/\/zauberwald-oberursel.de\/foerderverein\/wp-content\/uploads\/2012\/05\/Plan_Button.jpg\" width=\"425\" height=\"325\" srcset=\"https:\/\/www.zauberwald-oberursel.de\/foerderverein\/wp-content\/uploads\/2012\/05\/Plan_Button.jpg 425w, https:\/\/www.zauberwald-oberursel.de\/foerderverein\/wp-content\/uploads\/2012\/05\/Plan_Button-300x229.jpg 300w\" sizes=\"(max-width: 425px) 100vw, 425px\" \/><\/a><figcaption id=\"caption-attachment-234\" class=\"wp-caption-text\">Bitte Bild anklicken um den Plan in voller Gr\u00f6\u00dfe anzusehen.<\/figcaption><\/figure>\n<p>&nbsp;<\/p><\/div>\n\t\t\t\t<\/div>\n\t\t\t\t<\/div>\n\t\t\t\t\t\t<\/div>\n\t\t\t\t\t<\/div>\n\t\t<\/div>\n\t\t\t\t\t\t\t\t<\/div>\n\t\t\t\t\t<\/div>\n\t\t<\/section>\n\t\t\t\t\t\t<\/div>\n\t\t\t\t\t\t<\/div>\n\t\t\t\t\t<\/div>\n\t\t","protected":false},"excerpt":{"rendered":"<p>Wir unterst\u00fctzen die Kindertagesst\u00e4tte Zauberwald insbesondere durch die Bereitstellung finanzieller Mittel. Wir arbeiten eng mit dem Team der Kindertagesst\u00e4tte Zauberwald und dem Tr\u00e4ger zusammen. Durch die Mitgliedsbeitr\u00e4ge und Spenden ist der F\u00f6rderverein in der Lage, p\u00e4dagogisches Material zu erneuern und zu erg\u00e4nzen und projektbezogene Arbeiten der Einrichtung zu f\u00f6rdern. Die Sponsorenmappe f\u00fcr das Au\u00dfengel\u00e4nde k\u00f6nnt [&hellip;]<\/p>\n","protected":false},"author":1,"featured_media":0,"parent":0,"menu_order":30,"comment_status":"closed","ping_status":"closed","template":"","meta":[],"_links":{"self":[{"href":"https:\/\/www.zauberwald-oberursel.de\/foerderverein\/wp-json\/wp\/v2\/pages\/7"}],"collection":[{"href":"https:\/\/www.zauberwald-oberursel.de\/foerderverein\/wp-json\/wp\/v2\/pages"}],"about":[{"href":"https:\/\/www.zauberwald-oberursel.de\/foerderverein\/wp-json\/wp\/v2\/types\/page"}],"author":[{"embeddable":true,"href":"https:\/\/www.zauberwald-oberursel.de\/foerderverein\/wp-json\/wp\/v2\/users\/1"}],"replies":[{"embeddable":true,"href":"https:\/\/www.zauberwald-oberursel.de\/foerderverein\/wp-json\/wp\/v2\/comments?post=7"}],"version-history":[{"count":22,"href":"https:\/\/www.zauberwald-oberursel.de\/foerderverein\/wp-json\/wp\/v2\/pages\/7\/revisions"}],"predecessor-version":[{"id":1356,"href":"https:\/\/www.zauberwald-oberursel.de\/foerderverein\/wp-json\/wp\/v2\/pages\/7\/revisions\/1356"}],"wp:attachment":[{"href":"https:\/\/www.zauberwald-oberursel.de\/foerderverein\/wp-json\/wp\/v2\/media?parent=7"}],"curies":[{"name":"wp","href":"https:\/\/api.w.org\/{rel}","templated":true}]}}